{"id":1191,"date":"2019-05-30T16:33:44","date_gmt":"2019-05-30T16:33:44","guid":{"rendered":"http:\/\/corse-vacances.ch\/?page_id=1191"},"modified":"2020-03-22T08:14:33","modified_gmt":"2020-03-22T08:14:33","slug":"contact","status":"publish","type":"page","link":"https:\/\/corse-vacances.ch\/fr\/contact\/","title":{"rendered":"Contact"},"content":{"rendered":"\t\t<div data-elementor-type=\"wp-post\" data-elementor-id=\"1191\" class=\"elementor elementor-1191\">\n\t\t\t\t\t\t<section class=\"elementor-section elementor-top-section elementor-element elementor-element-6229ba4 elementor-section-full_width elementor-section-height-min-height elementor-section-height-default elementor-section-items-middle\" data-id=\"6229ba4\" data-element_type=\"section\" data-settings=\"{&quot;background_background&quot;:&quot;classic&quot;}\">\n\t\t\t\t\t\t\t<div class=\"elementor-background-overlay\"><\/div>\n\t\t\t\t\t\t\t<div class=\"elementor-container elementor-column-gap-default\">\n\t\t\t\t\t<div class=\"elementor-column elementor-col-100 elementor-top-column elementor-element elementor-element-1f66876d\" data-id=\"1f66876d\" data-element_type=\"column\">\n\t\t\t<div class=\"elementor-widget-wrap elementor-element-populated\">\n\t\t\t\t\t\t<div class=\"elementor-element elementor-element-68d1557 elementor-widget elementor-widget-spacer\" data-id=\"68d1557\" data-element_type=\"widget\" data-widget_type=\"spacer.default\">\n\t\t\t\t<div class=\"elementor-widget-container\">\n\t\t\t\t\t<div class=\"elementor-spacer\">\n\t\t\t<div class=\"elementor-spacer-inner\"><\/div>\n\t\t<\/div>\n\t\t\t\t<\/div>\n\t\t\t\t<\/div>\n\t\t\t\t<div class=\"elementor-element elementor-element-321bcc27 elementor-view-default elementor-position-top elementor-invisible elementor-widget elementor-widget-themo-header\" data-id=\"321bcc27\" data-element_type=\"widget\" data-settings=\"{&quot;_animation&quot;:&quot;fadeIn&quot;}\" data-widget_type=\"themo-header.default\">\n\t\t\t\t<div class=\"elementor-widget-container\">\n\t\t\t\t\t<div class=\"th-header-wrap\">\n        <div class=\"elementor-icon-box-wrapper \">\n                            <div class=\"elementor-icon-box-content\">\n                    <h1 class=\"elementor-icon-box-title\">\n                        Contact                    <\/h1>\n                                        <p class=\"elementor-icon-box-description\"><\/p>\n\n                                    <\/div>\n            <\/div>\n\n        <\/div>\n\n\t\t\t\t<\/div>\n\t\t\t\t<\/div>\n\t\t\t\t\t<\/div>\n\t\t<\/div>\n\t\t\t\t\t<\/div>\n\t\t<\/section>\n\t\t\t\t<section class=\"elementor-section elementor-top-section elementor-element elementor-element-2b403bc elementor-section-boxed elementor-section-height-default elementor-section-height-default\" data-id=\"2b403bc\" data-element_type=\"section\">\n\t\t\t\t\t\t<div class=\"elementor-container elementor-column-gap-default\">\n\t\t\t\t\t<div class=\"elementor-column elementor-col-100 elementor-top-column elementor-element elementor-element-db9a183\" data-id=\"db9a183\" data-element_type=\"column\">\n\t\t\t<div class=\"elementor-widget-wrap elementor-element-populated\">\n\t\t\t\t\t\t<div class=\"elementor-element elementor-element-10dbcdc elementor-widget elementor-widget-spacer\" data-id=\"10dbcdc\" data-element_type=\"widget\" data-widget_type=\"spacer.default\">\n\t\t\t\t<div class=\"elementor-widget-container\">\n\t\t\t\t\t<div class=\"elementor-spacer\">\n\t\t\t<div class=\"elementor-spacer-inner\"><\/div>\n\t\t<\/div>\n\t\t\t\t<\/div>\n\t\t\t\t<\/div>\n\t\t\t\t\t<\/div>\n\t\t<\/div>\n\t\t\t\t\t<\/div>\n\t\t<\/section>\n\t\t\t\t<section class=\"elementor-section elementor-top-section elementor-element elementor-element-81e15b7 elementor-section-boxed elementor-section-height-default elementor-section-height-default\" data-id=\"81e15b7\" data-element_type=\"section\">\n\t\t\t\t\t\t<div class=\"elementor-container elementor-column-gap-default\">\n\t\t\t\t\t<div class=\"elementor-column elementor-col-33 elementor-top-column elementor-element elementor-element-fa2382a\" data-id=\"fa2382a\" data-element_type=\"column\">\n\t\t\t<div class=\"elementor-widget-wrap elementor-element-populated\">\n\t\t\t\t\t\t<div class=\"elementor-element elementor-element-93d29d8 elementor-position-left elementor-view-default elementor-widget elementor-widget-themo-service-block\" data-id=\"93d29d8\" data-element_type=\"widget\" data-widget_type=\"themo-service-block.default\">\n\t\t\t\t<div class=\"elementor-widget-container\">\n\t\t\t\t\t<div class=\"th-service-block-w\">\n            <div class=\"elementor-icon-box-wrapper th-show-icon\">\n                                    <div class=\"elementor-icon-box-icon th-icon-size-sm\">\n                        <span class=\"elementor-icon \" >\n                            <i class=\"th-linea icon-basic-mail\" aria-hidden=\"true\" fff><\/i>                        <\/span>\n                    <\/div>\n                                <div class=\"elementor-icon-box-content\">\n                    <h4 class=\"elementor-icon-box-title\">\n                        <span >Message<\/span>\n                    <\/h4>\n                    <p class=\"elementor-icon-box-description\">Remplissez le formulaire et nous vous r\u00e9pondrons dans les 48 heures.<\/p>\n                <\/div>\n            <\/div>\n\n        <\/div>\n\n\t\t\t\t<\/div>\n\t\t\t\t<\/div>\n\t\t\t\t<div class=\"elementor-element elementor-element-451e88d elementor-widget elementor-widget-spacer\" data-id=\"451e88d\" data-element_type=\"widget\" data-widget_type=\"spacer.default\">\n\t\t\t\t<div class=\"elementor-widget-container\">\n\t\t\t\t\t<div class=\"elementor-spacer\">\n\t\t\t<div class=\"elementor-spacer-inner\"><\/div>\n\t\t<\/div>\n\t\t\t\t<\/div>\n\t\t\t\t<\/div>\n\t\t\t\t<div class=\"elementor-element elementor-element-c650bbb elementor-position-left elementor-view-default elementor-widget elementor-widget-themo-service-block\" data-id=\"c650bbb\" data-element_type=\"widget\" data-widget_type=\"themo-service-block.default\">\n\t\t\t\t<div class=\"elementor-widget-container\">\n\t\t\t\t\t<div class=\"th-service-block-w\">\n            <div class=\"elementor-icon-box-wrapper th-show-icon\">\n                                    <div class=\"elementor-icon-box-icon th-icon-size-sm\">\n                        <span class=\"elementor-icon \" >\n                            <i class=\"th-trip travelpack-location-pin-1\" aria-hidden=\"true\" fff><\/i>                        <\/span>\n                    <\/div>\n                                <div class=\"elementor-icon-box-content\">\n                    <h4 class=\"elementor-icon-box-title\">\n                        <span >Accueil sur place<\/span>\n                    <\/h4>\n                    <p class=\"elementor-icon-box-description\">Le jour de votre arriv\u00e9e nous serons pr\u00e9sents pour vous accueillir et vous fournir toutes les informations n\u00e9cessaires pour passer un agr\u00e9able s\u00e9jour.<\/p>\n                <\/div>\n            <\/div>\n\n        <\/div>\n\n\t\t\t\t<\/div>\n\t\t\t\t<\/div>\n\t\t\t\t\t<\/div>\n\t\t<\/div>\n\t\t\t\t<div class=\"elementor-column elementor-col-66 elementor-top-column elementor-element elementor-element-c5f5bae\" data-id=\"c5f5bae\" data-element_type=\"column\">\n\t\t\t<div class=\"elementor-widget-wrap elementor-element-populated\">\n\t\t\t\t\t\t<div class=\"elementor-element elementor-element-cf4a655 elementor-widget elementor-widget-themo-formidable-form\" data-id=\"cf4a655\" data-element_type=\"widget\" data-widget_type=\"themo-formidable-form.default\">\n\t\t\t\t<div class=\"elementor-widget-container\">\n\t\t\t            <div class=\"th-fo-form  th-centered th-form-default  th-btn-form btn-standard-primary-form\"><div class=\"frm_forms  with_frm_style frm_style_formidable-style\" id=\"frm_form_10_container\" >\n<form enctype=\"multipart\/form-data\" method=\"post\" class=\"frm-show-form \" id=\"form_contact33\" >\n<div class=\"frm_form_fields \">\n<fieldset>\n\r\n<div class=\"frm_fields_container\">\n<input type=\"hidden\" name=\"frm_action\" value=\"create\" \/>\n<input type=\"hidden\" name=\"form_id\" value=\"10\" \/>\n<input type=\"hidden\" name=\"frm_hide_fields_10\" id=\"frm_hide_fields_10\" value=\"\" \/>\n<input type=\"hidden\" name=\"form_key\" value=\"contact33\" \/>\n<input type=\"hidden\" name=\"item_meta[0]\" value=\"\" \/>\n<input type=\"hidden\" id=\"frm_submit_entry_10\" name=\"frm_submit_entry_10\" value=\"bd639e111c\" \/><input type=\"hidden\" name=\"_wp_http_referer\" value=\"\/fr\/wp-json\/wp\/v2\/pages\/1191\" \/><div id=\"frm_field_46_container\" class=\"frm_form_field form-field  frm_required_field frm_none_container frm_full\">\r\n    <label for=\"field_xipbjr33\" class=\"frm_primary_label\">Pr\u00e9nom \/ Nom\r\n        <span class=\"frm_required\">*<\/span>\r\n    <\/label>\r\n    <input type=\"text\" id=\"field_xipbjr33\" name=\"item_meta[46]\" value=\"\"  placeholder=\"*Pr\u00e9nom \/ Nom \" data-reqmsg=\"Pr\u00e9nom \/ Nom cannot be blank.\" aria-required=\"true\" data-invmsg=\"Name is invalid\" aria-invalid=\"false\"  \/>\r\n    \r\n    \r\n<\/div>\n<div id=\"frm_field_47_container\" class=\"frm_form_field form-field  frm_required_field frm_none_container frm_full\">\r\n    <label for=\"field_jaehy833\" class=\"frm_primary_label\">Email\r\n        <span class=\"frm_required\">*<\/span>\r\n    <\/label>\r\n    <input type=\"text\" id=\"field_jaehy833\" name=\"item_meta[47]\" value=\"\"  placeholder=\"*Email\" data-reqmsg=\"Email cannot be blank.\" aria-required=\"true\" data-invmsg=\"Email is invalid\" aria-invalid=\"false\"  \/>\r\n    \r\n    \r\n<\/div>\n<div id=\"frm_field_48_container\" class=\"frm_form_field form-field  frm_none_container frm_full\">\r\n    <label for=\"field_cqpguu33\" class=\"frm_primary_label\">T\u00e9l\u00e9phone\r\n        <span class=\"frm_required\"><\/span>\r\n    <\/label>\r\n    <input type=\"text\" id=\"field_cqpguu33\" name=\"item_meta[48]\" value=\"\"  placeholder=\"T\u00e9l\u00e9phone\" data-invmsg=\"Phone is invalid\" aria-invalid=\"false\"  \/>\r\n    \r\n    \r\n<\/div>\n<div id=\"frm_field_50_container\" class=\"frm_form_field form-field  frm_required_field frm_none_container frm_full\">\r\n    <label for=\"field_kggkvh33\" class=\"frm_primary_label\">Message\r\n        <span class=\"frm_required\">*<\/span>\r\n    <\/label>\r\n    <textarea name=\"item_meta[50]\" id=\"field_kggkvh33\" rows=\"5\"  placeholder=\"*Message\" data-reqmsg=\"Message cannot be blank.\" aria-required=\"true\" data-invmsg=\"Message est non valide\" aria-invalid=\"false\"  ><\/textarea>\r\n    \r\n    \r\n<\/div>\n<div id=\"frm_field_51_container\" class=\"frm_form_field form-field  frm_none_container\">\n    <label for=\"g-recaptcha-response\" id=\"field_isahi_label\" class=\"frm_primary_label\">reCAPTCHA\n        <span class=\"frm_required\"><\/span>\n    <\/label>\n    <div  id=\"field_isahi\" class=\"g-recaptcha\" data-sitekey=\"6LeUEuMUAAAAAMm6C7C6grcGvqauWwNVGDs8Ys9m\" data-size=\"normal\" data-theme=\"light\"><\/div>\n    \n    \n<\/div>\n\t<input type=\"hidden\" name=\"item_key\" value=\"\" \/>\n\t<div class=\"frm_submit\">\r\n\r\n<input type=\"submit\" value=\"Envoyer\"  \/>\r\n<img decoding=\"async\" class=\"frm_ajax_loading\" src=\"https:\/\/corse-vacances.ch\/wp-content\/plugins\/formidable\/images\/ajax_loader.gif\" alt=\"Sending\" style=\"visibility:hidden;\" \/>\r\n\r\n<\/div><\/div>\n<\/fieldset>\n<\/div>\n\n<\/form>\n<\/div>\n<\/div>\n            \t\t<\/div>\n\t\t\t\t<\/div>\n\t\t\t\t\t<\/div>\n\t\t<\/div>\n\t\t\t\t\t<\/div>\n\t\t<\/section>\n\t\t\t\t<\/div>\n\t\t","protected":false},"excerpt":{"rendered":"<p>Contact Message Remplissez le formulaire et nous vous r\u00e9pondrons dans les 48 heures. Accueil sur place Le jour de votre arriv\u00e9e nous serons pr\u00e9sents pour vous accueillir et vous fournir toutes les informations n\u00e9cessaires pour passer un agr\u00e9able s\u00e9jour. If &hellip; <a href=\"https:\/\/corse-vacances.ch\/fr\/contact\/\">Read More<\/a><\/p>\n","protected":false},"author":1,"featured_media":0,"parent":0,"menu_order":9,"comment_status":"closed","ping_status":"closed","template":"","meta":{"om_disable_all_campaigns":false,"_monsterinsights_skip_tracking":false,"_monsterinsights_sitenote_active":false,"_monsterinsights_sitenote_note":"","_monsterinsights_sitenote_category":0,"_uf_show_specific_survey":0,"_uf_disable_surveys":false,"footnotes":""},"class_list":["post-1191","page","type-page","status-publish","hentry"],"yoast_head":"<!-- This site is optimized with the Yoast SEO plugin v22.1 - https:\/\/yoast.com\/wordpress\/plugins\/seo\/ -->\n<title>Contact - Corse Vacances<\/title>\n<meta name=\"robots\" content=\"index, follow, max-snippet:-1, max-image-preview:large, max-video-preview:-1\" \/>\n<link rel=\"canonical\" href=\"https:\/\/corse-vacances.ch\/fr\/contact\/\" \/>\n<meta property=\"og:locale\" content=\"fr_FR\" \/>\n<meta property=\"og:type\" content=\"article\" \/>\n<meta property=\"og:title\" content=\"Contact - Corse Vacances\" \/>\n<meta property=\"og:description\" content=\"Contact Message Remplissez le formulaire et nous vous r\u00e9pondrons dans les 48 heures. Accueil sur place Le jour de votre arriv\u00e9e nous serons pr\u00e9sents pour vous accueillir et vous fournir toutes les informations n\u00e9cessaires pour passer un agr\u00e9able s\u00e9jour. If &hellip; Read More\" \/>\n<meta property=\"og:url\" content=\"https:\/\/corse-vacances.ch\/fr\/contact\/\" \/>\n<meta property=\"og:site_name\" content=\"Corse Vacances\" \/>\n<meta property=\"article:publisher\" content=\"https:\/\/www.facebook.com\/CorsicaVillaMartine\" \/>\n<meta property=\"article:modified_time\" content=\"2020-03-22T08:14:33+00:00\" \/>\n<meta property=\"og:image\" content=\"http:\/\/corse-vacances.ch\/wp-content\/plugins\/formidable\/images\/ajax_loader.gif\" \/>\n<meta name=\"twitter:card\" content=\"summary_large_image\" \/>\n<script type=\"application\/ld+json\" class=\"yoast-schema-graph\">{\"@context\":\"https:\/\/schema.org\",\"@graph\":[{\"@type\":\"WebPage\",\"@id\":\"https:\/\/corse-vacances.ch\/fr\/contact\/\",\"url\":\"https:\/\/corse-vacances.ch\/fr\/contact\/\",\"name\":\"Contact - Corse Vacances\",\"isPartOf\":{\"@id\":\"https:\/\/corse-vacances.ch\/de\/#website\"},\"datePublished\":\"2019-05-30T16:33:44+00:00\",\"dateModified\":\"2020-03-22T08:14:33+00:00\",\"breadcrumb\":{\"@id\":\"https:\/\/corse-vacances.ch\/fr\/contact\/#breadcrumb\"},\"inLanguage\":\"fr-FR\",\"potentialAction\":[{\"@type\":\"ReadAction\",\"target\":[\"https:\/\/corse-vacances.ch\/fr\/contact\/\"]}]},{\"@type\":\"BreadcrumbList\",\"@id\":\"https:\/\/corse-vacances.ch\/fr\/contact\/#breadcrumb\",\"itemListElement\":[{\"@type\":\"ListItem\",\"position\":1,\"name\":\"Accueil\",\"item\":\"https:\/\/corse-vacances.ch\/de\/\"},{\"@type\":\"ListItem\",\"position\":2,\"name\":\"Contact\"}]},{\"@type\":\"WebSite\",\"@id\":\"https:\/\/corse-vacances.ch\/de\/#website\",\"url\":\"https:\/\/corse-vacances.ch\/de\/\",\"name\":\"Corse Vacances\",\"description\":\"La magie de la Corse vous attend : profitez de notre villa en bord de mer !\",\"publisher\":{\"@id\":\"https:\/\/corse-vacances.ch\/de\/#organization\"},\"potentialAction\":[{\"@type\":\"SearchAction\",\"target\":{\"@type\":\"EntryPoint\",\"urlTemplate\":\"https:\/\/corse-vacances.ch\/de\/?s={search_term_string}\"},\"query-input\":\"required name=search_term_string\"}],\"inLanguage\":\"fr-FR\"},{\"@type\":\"Organization\",\"@id\":\"https:\/\/corse-vacances.ch\/de\/#organization\",\"name\":\"Corse Vacances\",\"url\":\"https:\/\/corse-vacances.ch\/de\/\",\"logo\":{\"@type\":\"ImageObject\",\"inLanguage\":\"fr-FR\",\"@id\":\"https:\/\/corse-vacances.ch\/de\/#\/schema\/logo\/image\/\",\"url\":\"http:\/\/corse-vacances.ch\/wp-content\/uploads\/2019\/05\/Fichier-27-e1558691165723.png\",\"contentUrl\":\"http:\/\/corse-vacances.ch\/wp-content\/uploads\/2019\/05\/Fichier-27-e1558691165723.png\",\"width\":299,\"height\":40,\"caption\":\"Corse Vacances\"},\"image\":{\"@id\":\"https:\/\/corse-vacances.ch\/de\/#\/schema\/logo\/image\/\"},\"sameAs\":[\"https:\/\/www.facebook.com\/CorsicaVillaMartine\",\"https:\/\/www.instagram.com\/corse_vacances\/\"]}]}<\/script>\n<!-- \/ Yoast SEO plugin. -->","yoast_head_json":{"title":"Contact - Corse Vacances","robots":{"index":"index","follow":"follow","max-snippet":"max-snippet:-1","max-image-preview":"max-image-preview:large","max-video-preview":"max-video-preview:-1"},"canonical":"https:\/\/corse-vacances.ch\/fr\/contact\/","og_locale":"fr_FR","og_type":"article","og_title":"Contact - Corse Vacances","og_description":"Contact Message Remplissez le formulaire et nous vous r\u00e9pondrons dans les 48 heures. Accueil sur place Le jour de votre arriv\u00e9e nous serons pr\u00e9sents pour vous accueillir et vous fournir toutes les informations n\u00e9cessaires pour passer un agr\u00e9able s\u00e9jour. If &hellip; Read More","og_url":"https:\/\/corse-vacances.ch\/fr\/contact\/","og_site_name":"Corse Vacances","article_publisher":"https:\/\/www.facebook.com\/CorsicaVillaMartine","article_modified_time":"2020-03-22T08:14:33+00:00","og_image":[{"url":"http:\/\/corse-vacances.ch\/wp-content\/plugins\/formidable\/images\/ajax_loader.gif"}],"twitter_card":"summary_large_image","schema":{"@context":"https:\/\/schema.org","@graph":[{"@type":"WebPage","@id":"https:\/\/corse-vacances.ch\/fr\/contact\/","url":"https:\/\/corse-vacances.ch\/fr\/contact\/","name":"Contact - Corse Vacances","isPartOf":{"@id":"https:\/\/corse-vacances.ch\/de\/#website"},"datePublished":"2019-05-30T16:33:44+00:00","dateModified":"2020-03-22T08:14:33+00:00","breadcrumb":{"@id":"https:\/\/corse-vacances.ch\/fr\/contact\/#breadcrumb"},"inLanguage":"fr-FR","potentialAction":[{"@type":"ReadAction","target":["https:\/\/corse-vacances.ch\/fr\/contact\/"]}]},{"@type":"BreadcrumbList","@id":"https:\/\/corse-vacances.ch\/fr\/contact\/#breadcrumb","itemListElement":[{"@type":"ListItem","position":1,"name":"Accueil","item":"https:\/\/corse-vacances.ch\/de\/"},{"@type":"ListItem","position":2,"name":"Contact"}]},{"@type":"WebSite","@id":"https:\/\/corse-vacances.ch\/de\/#website","url":"https:\/\/corse-vacances.ch\/de\/","name":"Corse Vacances","description":"La magie de la Corse vous attend : profitez de notre villa en bord de mer !","publisher":{"@id":"https:\/\/corse-vacances.ch\/de\/#organization"},"potentialAction":[{"@type":"SearchAction","target":{"@type":"EntryPoint","urlTemplate":"https:\/\/corse-vacances.ch\/de\/?s={search_term_string}"},"query-input":"required name=search_term_string"}],"inLanguage":"fr-FR"},{"@type":"Organization","@id":"https:\/\/corse-vacances.ch\/de\/#organization","name":"Corse Vacances","url":"https:\/\/corse-vacances.ch\/de\/","logo":{"@type":"ImageObject","inLanguage":"fr-FR","@id":"https:\/\/corse-vacances.ch\/de\/#\/schema\/logo\/image\/","url":"http:\/\/corse-vacances.ch\/wp-content\/uploads\/2019\/05\/Fichier-27-e1558691165723.png","contentUrl":"http:\/\/corse-vacances.ch\/wp-content\/uploads\/2019\/05\/Fichier-27-e1558691165723.png","width":299,"height":40,"caption":"Corse Vacances"},"image":{"@id":"https:\/\/corse-vacances.ch\/de\/#\/schema\/logo\/image\/"},"sameAs":["https:\/\/www.facebook.com\/CorsicaVillaMartine","https:\/\/www.instagram.com\/corse_vacances\/"]}]}},"_links":{"self":[{"href":"https:\/\/corse-vacances.ch\/fr\/wp-json\/wp\/v2\/pages\/1191","targetHints":{"allow":["GET"]}}],"collection":[{"href":"https:\/\/corse-vacances.ch\/fr\/wp-json\/wp\/v2\/pages"}],"about":[{"href":"https:\/\/corse-vacances.ch\/fr\/wp-json\/wp\/v2\/types\/page"}],"author":[{"embeddable":true,"href":"https:\/\/corse-vacances.ch\/fr\/wp-json\/wp\/v2\/users\/1"}],"replies":[{"embeddable":true,"href":"https:\/\/corse-vacances.ch\/fr\/wp-json\/wp\/v2\/comments?post=1191"}],"version-history":[{"count":28,"href":"https:\/\/corse-vacances.ch\/fr\/wp-json\/wp\/v2\/pages\/1191\/revisions"}],"predecessor-version":[{"id":1465,"href":"https:\/\/corse-vacances.ch\/fr\/wp-json\/wp\/v2\/pages\/1191\/revisions\/1465"}],"wp:attachment":[{"href":"https:\/\/corse-vacances.ch\/fr\/wp-json\/wp\/v2\/media?parent=1191"}],"curies":[{"name":"wp","href":"https:\/\/api.w.org\/{rel}","templated":true}]}}