{"id":1162,"date":"2019-05-30T15:19:02","date_gmt":"2019-05-30T15:19:02","guid":{"rendered":"http:\/\/corse-vacances.ch\/?page_id=1162"},"modified":"2019-09-09T14:05:35","modified_gmt":"2019-09-09T14:05:35","slug":"ou-sommes-nous","status":"publish","type":"page","link":"https:\/\/corse-vacances.ch\/fr\/ou-sommes-nous\/","title":{"rendered":"O\u00f9-sommes-nous"},"content":{"rendered":"\t\t<div data-elementor-type=\"wp-post\" data-elementor-id=\"1162\" class=\"elementor elementor-1162\">\n\t\t\t\t\t\t<section class=\"elementor-section elementor-top-section elementor-element elementor-element-6229ba4 elementor-section-full_width elementor-section-height-min-height elementor-section-height-default elementor-section-items-middle\" data-id=\"6229ba4\" data-element_type=\"section\" data-settings=\"{&quot;background_background&quot;:&quot;classic&quot;}\">\n\t\t\t\t\t\t\t<div class=\"elementor-background-overlay\"><\/div>\n\t\t\t\t\t\t\t<div class=\"elementor-container elementor-column-gap-default\">\n\t\t\t\t\t<div class=\"elementor-column elementor-col-100 elementor-top-column elementor-element elementor-element-1f66876d\" data-id=\"1f66876d\" data-element_type=\"column\">\n\t\t\t<div class=\"elementor-widget-wrap elementor-element-populated\">\n\t\t\t\t\t\t<div class=\"elementor-element elementor-element-68d1557 elementor-widget elementor-widget-spacer\" data-id=\"68d1557\" data-element_type=\"widget\" data-widget_type=\"spacer.default\">\n\t\t\t\t<div class=\"elementor-widget-container\">\n\t\t\t\t\t<div class=\"elementor-spacer\">\n\t\t\t<div class=\"elementor-spacer-inner\"><\/div>\n\t\t<\/div>\n\t\t\t\t<\/div>\n\t\t\t\t<\/div>\n\t\t\t\t<div class=\"elementor-element elementor-element-321bcc27 elementor-view-default elementor-position-top elementor-invisible elementor-widget elementor-widget-themo-header\" data-id=\"321bcc27\" data-element_type=\"widget\" data-settings=\"{&quot;_animation&quot;:&quot;fadeIn&quot;}\" data-widget_type=\"themo-header.default\">\n\t\t\t\t<div class=\"elementor-widget-container\">\n\t\t\t\t\t<div class=\"th-header-wrap\">\n        <div class=\"elementor-icon-box-wrapper \">\n                            <div class=\"elementor-icon-box-content\">\n                    <h1 class=\"elementor-icon-box-title\">\n                        Emplacement                    <\/h1>\n                                        <p class=\"elementor-icon-box-description\"><\/p>\n\n                                    <\/div>\n            <\/div>\n\n        <\/div>\n\n\t\t\t\t<\/div>\n\t\t\t\t<\/div>\n\t\t\t\t\t<\/div>\n\t\t<\/div>\n\t\t\t\t\t<\/div>\n\t\t<\/section>\n\t\t\t\t<section class=\"elementor-section elementor-top-section elementor-element elementor-element-6b201bb6 elementor-section-full_width elementor-section-height-default elementor-section-height-default\" data-id=\"6b201bb6\" data-element_type=\"section\">\n\t\t\t\t\t\t<div class=\"elementor-container elementor-column-gap-default\">\n\t\t\t\t\t<div class=\"elementor-column elementor-col-100 elementor-top-column elementor-element elementor-element-177e2075\" data-id=\"177e2075\" data-element_type=\"column\">\n\t\t\t<div class=\"elementor-widget-wrap elementor-element-populated\">\n\t\t\t\t\t\t<section class=\"elementor-section elementor-inner-section elementor-element elementor-element-35092fa elementor-section-content-top elementor-section-boxed elementor-section-height-default elementor-section-height-default\" data-id=\"35092fa\" data-element_type=\"section\">\n\t\t\t\t\t\t<div class=\"elementor-container elementor-column-gap-extended\">\n\t\t\t\t\t<div class=\"elementor-column elementor-col-50 elementor-inner-column elementor-element elementor-element-d395566\" data-id=\"d395566\" data-element_type=\"column\">\n\t\t\t<div class=\"elementor-widget-wrap elementor-element-populated\">\n\t\t\t\t\t\t<div class=\"elementor-element elementor-element-b1e5bbd elementor-widget elementor-widget-heading\" data-id=\"b1e5bbd\" data-element_type=\"widget\" data-widget_type=\"heading.default\">\n\t\t\t\t<div class=\"elementor-widget-container\">\n\t\t\t<h4 class=\"elementor-heading-title elementor-size-default\">Villa Martine<\/h4>\t\t<\/div>\n\t\t\t\t<\/div>\n\t\t\t\t<div class=\"elementor-element elementor-element-ff0e633 elementor-widget elementor-widget-spacer\" data-id=\"ff0e633\" data-element_type=\"widget\" data-widget_type=\"spacer.default\">\n\t\t\t\t<div class=\"elementor-widget-container\">\n\t\t\t\t\t<div class=\"elementor-spacer\">\n\t\t\t<div class=\"elementor-spacer-inner\"><\/div>\n\t\t<\/div>\n\t\t\t\t<\/div>\n\t\t\t\t<\/div>\n\t\t\t\t<div class=\"elementor-element elementor-element-baeb4be elementor-widget elementor-widget-text-editor\" data-id=\"baeb4be\" data-element_type=\"widget\" data-widget_type=\"text-editor.default\">\n\t\t\t\t<div class=\"elementor-widget-container\">\n\t\t\t\t\t\t\t<p>La Villa est situ\u00e9e dans une petite r\u00e9sidence \u00e0 Tarco, entre Solenzara et Sainte-Lucie de Porto-Vecchio, \u00e0 20km de Porto-Vecchio et \u00e0 120km de Bastia<\/p>\t\t\t\t\t\t<\/div>\n\t\t\t\t<\/div>\n\t\t\t\t\t<\/div>\n\t\t<\/div>\n\t\t\t\t<div class=\"elementor-column elementor-col-50 elementor-inner-column elementor-element elementor-element-1d5c850\" data-id=\"1d5c850\" data-element_type=\"column\">\n\t\t\t<div class=\"elementor-widget-wrap elementor-element-populated\">\n\t\t\t\t\t\t<div class=\"elementor-element elementor-element-0926016 elementor-widget elementor-widget-google_maps\" data-id=\"0926016\" data-element_type=\"widget\" data-widget_type=\"google_maps.default\">\n\t\t\t\t<div class=\"elementor-widget-container\">\n\t\t\t\t\t<div class=\"elementor-custom-embed\">\n\t\t\t<iframe loading=\"lazy\"\n\t\t\t\t\tsrc=\"https:\/\/maps.google.com\/maps?q=Tarco%2C%20France&#038;t=m&#038;z=9&#038;output=embed&#038;iwloc=near\"\n\t\t\t\t\ttitle=\"Tarco, France\"\n\t\t\t\t\taria-label=\"Tarco, France\"\n\t\t\t><\/iframe>\n\t\t<\/div>\n\t\t\t\t<\/div>\n\t\t\t\t<\/div>\n\t\t\t\t\t<\/div>\n\t\t<\/div>\n\t\t\t\t\t<\/div>\n\t\t<\/section>\n\t\t\t\t\t<\/div>\n\t\t<\/div>\n\t\t\t\t\t<\/div>\n\t\t<\/section>\n\t\t\t\t<\/div>\n\t\t","protected":false},"excerpt":{"rendered":"<p>Emplacement Villa Martine La Villa est situ\u00e9e dans une petite r\u00e9sidence \u00e0 Tarco, entre Solenzara et Sainte-Lucie de Porto-Vecchio, \u00e0 20km de Porto-Vecchio et \u00e0 120km de Bastia<\/p>\n","protected":false},"author":1,"featured_media":0,"parent":0,"menu_order":6,"comment_status":"closed","ping_status":"closed","template":"","meta":{"om_disable_all_campaigns":false,"_monsterinsights_skip_tracking":false,"_monsterinsights_sitenote_active":false,"_monsterinsights_sitenote_note":"","_monsterinsights_sitenote_category":0,"_uf_show_specific_survey":0,"_uf_disable_surveys":false,"footnotes":""},"class_list":["post-1162","page","type-page","status-publish","hentry"],"yoast_head":"<!-- This site is optimized with the Yoast SEO plugin v22.1 - https:\/\/yoast.com\/wordpress\/plugins\/seo\/ -->\n<title>O\u00f9-sommes-nous - Corse Vacances<\/title>\n<meta name=\"robots\" content=\"index, follow, max-snippet:-1, max-image-preview:large, max-video-preview:-1\" \/>\n<link rel=\"canonical\" href=\"https:\/\/corse-vacances.ch\/fr\/dove-siamo\/\" \/>\n<meta property=\"og:locale\" content=\"fr_FR\" \/>\n<meta property=\"og:type\" content=\"article\" \/>\n<meta property=\"og:title\" content=\"O\u00f9-sommes-nous - Corse Vacances\" \/>\n<meta property=\"og:description\" content=\"Emplacement Villa Martine La Villa est situ\u00e9e dans une petite r\u00e9sidence \u00e0 Tarco, entre Solenzara et Sainte-Lucie de Porto-Vecchio, \u00e0 20km de Porto-Vecchio et \u00e0 120km de Bastia\" \/>\n<meta property=\"og:url\" content=\"https:\/\/corse-vacances.ch\/fr\/dove-siamo\/\" \/>\n<meta property=\"og:site_name\" content=\"Corse Vacances\" \/>\n<meta property=\"article:publisher\" content=\"https:\/\/www.facebook.com\/CorsicaVillaMartine\" \/>\n<meta property=\"article:modified_time\" content=\"2019-09-09T14:05:35+00:00\" \/>\n<meta property=\"og:image\" content=\"https:\/\/corse-vacances.ch\/wp-content\/uploads\/2019\/06\/Coordination-de-la-vide\u0301o-Format.jpg\" \/>\n\t<meta property=\"og:image:width\" content=\"1240\" \/>\n\t<meta property=\"og:image:height\" content=\"698\" \/>\n\t<meta property=\"og:image:type\" content=\"image\/jpeg\" \/>\n<meta name=\"twitter:card\" content=\"summary_large_image\" \/>\n<script type=\"application\/ld+json\" class=\"yoast-schema-graph\">{\"@context\":\"https:\/\/schema.org\",\"@graph\":[{\"@type\":\"WebPage\",\"@id\":\"https:\/\/corse-vacances.ch\/it\/dove-siamo\/\",\"url\":\"https:\/\/corse-vacances.ch\/it\/dove-siamo\/\",\"name\":\"O\u00f9-sommes-nous - Corse Vacances\",\"isPartOf\":{\"@id\":\"https:\/\/corse-vacances.ch\/de\/#website\"},\"datePublished\":\"2019-05-30T15:19:02+00:00\",\"dateModified\":\"2019-09-09T14:05:35+00:00\",\"breadcrumb\":{\"@id\":\"https:\/\/corse-vacances.ch\/it\/dove-siamo\/#breadcrumb\"},\"inLanguage\":\"fr-FR\",\"potentialAction\":[{\"@type\":\"ReadAction\",\"target\":[\"https:\/\/corse-vacances.ch\/it\/dove-siamo\/\"]}]},{\"@type\":\"BreadcrumbList\",\"@id\":\"https:\/\/corse-vacances.ch\/it\/dove-siamo\/#breadcrumb\",\"itemListElement\":[{\"@type\":\"ListItem\",\"position\":1,\"name\":\"Accueil\",\"item\":\"https:\/\/corse-vacances.ch\/de\/\"},{\"@type\":\"ListItem\",\"position\":2,\"name\":\"O\u00f9-sommes-nous\"}]},{\"@type\":\"WebSite\",\"@id\":\"https:\/\/corse-vacances.ch\/de\/#website\",\"url\":\"https:\/\/corse-vacances.ch\/de\/\",\"name\":\"Corse Vacances\",\"description\":\"La magie de la Corse vous attend : profitez de notre villa en bord de mer !\",\"publisher\":{\"@id\":\"https:\/\/corse-vacances.ch\/de\/#organization\"},\"potentialAction\":[{\"@type\":\"SearchAction\",\"target\":{\"@type\":\"EntryPoint\",\"urlTemplate\":\"https:\/\/corse-vacances.ch\/de\/?s={search_term_string}\"},\"query-input\":\"required name=search_term_string\"}],\"inLanguage\":\"fr-FR\"},{\"@type\":\"Organization\",\"@id\":\"https:\/\/corse-vacances.ch\/de\/#organization\",\"name\":\"Corse Vacances\",\"url\":\"https:\/\/corse-vacances.ch\/de\/\",\"logo\":{\"@type\":\"ImageObject\",\"inLanguage\":\"fr-FR\",\"@id\":\"https:\/\/corse-vacances.ch\/de\/#\/schema\/logo\/image\/\",\"url\":\"http:\/\/corse-vacances.ch\/wp-content\/uploads\/2019\/05\/Fichier-27-e1558691165723.png\",\"contentUrl\":\"http:\/\/corse-vacances.ch\/wp-content\/uploads\/2019\/05\/Fichier-27-e1558691165723.png\",\"width\":299,\"height\":40,\"caption\":\"Corse Vacances\"},\"image\":{\"@id\":\"https:\/\/corse-vacances.ch\/de\/#\/schema\/logo\/image\/\"},\"sameAs\":[\"https:\/\/www.facebook.com\/CorsicaVillaMartine\",\"https:\/\/www.instagram.com\/corse_vacances\/\"]}]}<\/script>\n<!-- \/ Yoast SEO plugin. -->","yoast_head_json":{"title":"O\u00f9-sommes-nous - Corse Vacances","robots":{"index":"index","follow":"follow","max-snippet":"max-snippet:-1","max-image-preview":"max-image-preview:large","max-video-preview":"max-video-preview:-1"},"canonical":"https:\/\/corse-vacances.ch\/fr\/dove-siamo\/","og_locale":"fr_FR","og_type":"article","og_title":"O\u00f9-sommes-nous - Corse Vacances","og_description":"Emplacement Villa Martine La Villa est situ\u00e9e dans une petite r\u00e9sidence \u00e0 Tarco, entre Solenzara et Sainte-Lucie de Porto-Vecchio, \u00e0 20km de Porto-Vecchio et \u00e0 120km de Bastia","og_url":"https:\/\/corse-vacances.ch\/fr\/dove-siamo\/","og_site_name":"Corse Vacances","article_publisher":"https:\/\/www.facebook.com\/CorsicaVillaMartine","article_modified_time":"2019-09-09T14:05:35+00:00","og_image":[{"width":1240,"height":698,"url":"https:\/\/corse-vacances.ch\/wp-content\/uploads\/2019\/06\/Coordination-de-la-vide\u0301o-Format.jpg","type":"image\/jpeg"}],"twitter_card":"summary_large_image","schema":{"@context":"https:\/\/schema.org","@graph":[{"@type":"WebPage","@id":"https:\/\/corse-vacances.ch\/it\/dove-siamo\/","url":"https:\/\/corse-vacances.ch\/it\/dove-siamo\/","name":"O\u00f9-sommes-nous - Corse Vacances","isPartOf":{"@id":"https:\/\/corse-vacances.ch\/de\/#website"},"datePublished":"2019-05-30T15:19:02+00:00","dateModified":"2019-09-09T14:05:35+00:00","breadcrumb":{"@id":"https:\/\/corse-vacances.ch\/it\/dove-siamo\/#breadcrumb"},"inLanguage":"fr-FR","potentialAction":[{"@type":"ReadAction","target":["https:\/\/corse-vacances.ch\/it\/dove-siamo\/"]}]},{"@type":"BreadcrumbList","@id":"https:\/\/corse-vacances.ch\/it\/dove-siamo\/#breadcrumb","itemListElement":[{"@type":"ListItem","position":1,"name":"Accueil","item":"https:\/\/corse-vacances.ch\/de\/"},{"@type":"ListItem","position":2,"name":"O\u00f9-sommes-nous"}]},{"@type":"WebSite","@id":"https:\/\/corse-vacances.ch\/de\/#website","url":"https:\/\/corse-vacances.ch\/de\/","name":"Corse Vacances","description":"La magie de la Corse vous attend : profitez de notre villa en bord de mer !","publisher":{"@id":"https:\/\/corse-vacances.ch\/de\/#organization"},"potentialAction":[{"@type":"SearchAction","target":{"@type":"EntryPoint","urlTemplate":"https:\/\/corse-vacances.ch\/de\/?s={search_term_string}"},"query-input":"required name=search_term_string"}],"inLanguage":"fr-FR"},{"@type":"Organization","@id":"https:\/\/corse-vacances.ch\/de\/#organization","name":"Corse Vacances","url":"https:\/\/corse-vacances.ch\/de\/","logo":{"@type":"ImageObject","inLanguage":"fr-FR","@id":"https:\/\/corse-vacances.ch\/de\/#\/schema\/logo\/image\/","url":"http:\/\/corse-vacances.ch\/wp-content\/uploads\/2019\/05\/Fichier-27-e1558691165723.png","contentUrl":"http:\/\/corse-vacances.ch\/wp-content\/uploads\/2019\/05\/Fichier-27-e1558691165723.png","width":299,"height":40,"caption":"Corse Vacances"},"image":{"@id":"https:\/\/corse-vacances.ch\/de\/#\/schema\/logo\/image\/"},"sameAs":["https:\/\/www.facebook.com\/CorsicaVillaMartine","https:\/\/www.instagram.com\/corse_vacances\/"]}]}},"_links":{"self":[{"href":"https:\/\/corse-vacances.ch\/fr\/wp-json\/wp\/v2\/pages\/1162","targetHints":{"allow":["GET"]}}],"collection":[{"href":"https:\/\/corse-vacances.ch\/fr\/wp-json\/wp\/v2\/pages"}],"about":[{"href":"https:\/\/corse-vacances.ch\/fr\/wp-json\/wp\/v2\/types\/page"}],"author":[{"embeddable":true,"href":"https:\/\/corse-vacances.ch\/fr\/wp-json\/wp\/v2\/users\/1"}],"replies":[{"embeddable":true,"href":"https:\/\/corse-vacances.ch\/fr\/wp-json\/wp\/v2\/comments?post=1162"}],"version-history":[{"count":73,"href":"https:\/\/corse-vacances.ch\/fr\/wp-json\/wp\/v2\/pages\/1162\/revisions"}],"predecessor-version":[{"id":1440,"href":"https:\/\/corse-vacances.ch\/fr\/wp-json\/wp\/v2\/pages\/1162\/revisions\/1440"}],"wp:attachment":[{"href":"https:\/\/corse-vacances.ch\/fr\/wp-json\/wp\/v2\/media?parent=1162"}],"curies":[{"name":"wp","href":"https:\/\/api.w.org\/{rel}","templated":true}]}}