{"id":1615,"date":"2023-08-06T15:05:39","date_gmt":"2023-08-06T15:05:39","guid":{"rendered":"http:\/\/corse-vacances.ch\/?page_id=1615"},"modified":"2024-02-03T16:14:29","modified_gmt":"2024-02-03T16:14:29","slug":"politique-de-condifentialite","status":"publish","type":"page","link":"https:\/\/corse-vacances.ch\/de\/datenschutzrichtlinien\/","title":{"rendered":"Datenschutzrichtlinien"},"content":{"rendered":"<div data-elementor-type=\"wp-post\" data-elementor-id=\"1615\" class=\"elementor elementor-1615\">\n\t\t\t\t\t\t<section class=\"elementor-section elementor-top-section elementor-element elementor-element-6229ba4 elementor-section-full_width elementor-section-height-min-height elementor-section-height-default elementor-section-items-middle\" data-id=\"6229ba4\" data-element_type=\"section\" data-settings=\"{&quot;background_background&quot;:&quot;classic&quot;}\">\n\t\t\t\t\t\t\t<div class=\"elementor-background-overlay\"><\/div>\n\t\t\t\t\t\t\t<div class=\"elementor-container elementor-column-gap-default\">\n\t\t\t\t\t<div class=\"elementor-column elementor-col-100 elementor-top-column elementor-element elementor-element-1f66876d\" data-id=\"1f66876d\" data-element_type=\"column\">\n\t\t\t<div class=\"elementor-widget-wrap elementor-element-populated\">\n\t\t\t\t\t\t<div class=\"elementor-element elementor-element-68d1557 elementor-widget elementor-widget-spacer\" data-id=\"68d1557\" data-element_type=\"widget\" data-widget_type=\"spacer.default\">\n\t\t\t\t<div class=\"elementor-widget-container\">\n\t\t\t\t\t<div class=\"elementor-spacer\">\n\t\t\t<div class=\"elementor-spacer-inner\"><\/div>\n\t\t<\/div>\n\t\t\t\t<\/div>\n\t\t\t\t<\/div>\n\t\t\t\t<div class=\"elementor-element elementor-element-321bcc27 elementor-view-default elementor-position-top elementor-invisible elementor-widget elementor-widget-themo-header\" data-id=\"321bcc27\" data-element_type=\"widget\" data-settings=\"{&quot;_animation&quot;:&quot;fadeIn&quot;}\" data-widget_type=\"themo-header.default\">\n\t\t\t\t<div class=\"elementor-widget-container\">\n\t\t\t\t\t<div class=\"th-header-wrap\">\n        <div class=\"elementor-icon-box-wrapper\">\n                            <div class=\"elementor-icon-box-content\">\n                    <h1 class=\"elementor-icon-box-title\">\n                        Datenschutzrichtlinien                    <\/h1>\n                                        <p class=\"elementor-icon-box-description\"><\/p>\n\n                                    <\/div>\n            <\/div>\n\n        <\/div>\n\n\t\t\t\t<\/div>\n\t\t\t\t<\/div>\n\t\t\t\t\t<\/div>\n\t\t<\/div>\n\t\t\t\t\t<\/div>\n\t\t<\/section>\n\t\t\t\t<section class=\"elementor-section elementor-top-section elementor-element elementor-element-2b403bc elementor-section-boxed elementor-section-height-default elementor-section-height-default\" data-id=\"2b403bc\" data-element_type=\"section\">\n\t\t\t\t\t\t<div class=\"elementor-container elementor-column-gap-default\">\n\t\t\t\t\t<div class=\"elementor-column elementor-col-100 elementor-top-column elementor-element elementor-element-db9a183\" data-id=\"db9a183\" data-element_type=\"column\">\n\t\t\t<div class=\"elementor-widget-wrap elementor-element-populated\">\n\t\t\t\t\t\t<div class=\"elementor-element elementor-element-10dbcdc elementor-widget elementor-widget-spacer\" data-id=\"10dbcdc\" data-element_type=\"widget\" data-widget_type=\"spacer.default\">\n\t\t\t\t<div class=\"elementor-widget-container\">\n\t\t\t\t\t<div class=\"elementor-spacer\">\n\t\t\t<div class=\"elementor-spacer-inner\"><\/div>\n\t\t<\/div>\n\t\t\t\t<\/div>\n\t\t\t\t<\/div>\n\t\t\t\t\t<\/div>\n\t\t<\/div>\n\t\t\t\t\t<\/div>\n\t\t<\/section>\n\t\t\t\t<section class=\"elementor-section elementor-top-section elementor-element elementor-element-4d7f294 elementor-section-boxed elementor-section-height-default elementor-section-height-default\" data-id=\"4d7f294\" data-element_type=\"section\">\n\t\t\t\t\t\t<div class=\"elementor-container elementor-column-gap-default\">\n\t\t\t\t\t<div class=\"elementor-column elementor-col-100 elementor-top-column elementor-element elementor-element-6a43323\" data-id=\"6a43323\" data-element_type=\"column\">\n\t\t\t<div class=\"elementor-widget-wrap elementor-element-populated\">\n\t\t\t\t\t\t<div class=\"elementor-element elementor-element-27b1338 elementor-widget elementor-widget-text-editor\" data-id=\"27b1338\" data-element_type=\"widget\" data-widget_type=\"text-editor.default\">\n\t\t\t\t<div class=\"elementor-widget-container\">\n\t\t\t\t\t\t\t<h3>Comprendre la Politique de Condifentialit\u00e9 de Corse Vacances<\/h3><p><a href=\"http:\/\/corse-vacances.ch\/de\/\">Corse Vacances<\/a> attache une grande importance \u00e0 la protection des donn\u00e9es personnelles de ses Utilisateurs. Cette politique de confidentialit\u00e9 d\u00e9crit comment <a href=\"http:\/\/corse-vacances.ch\/de\/\">Corse Vacances<\/a> collecte, utilise, traite et prot\u00e8ge les informations personnelles des Utilisateurs lors de l&rsquo;utilisation du site internet corse-vacances.ch (ci-apr\u00e8s le \u00ab\u00a0Site\u00a0\u00bb).<\/p><p><strong><br \/>But et champ d&rsquo;application du pr\u00e9sent document<br \/><\/strong>Le pr\u00e9sent document a pour but d&rsquo;informer l&rsquo;Utilisateur quant \u00e0 la collecte et au traitement de ses donn\u00e9es \u00e0 caract\u00e8re personnel effectu\u00e9s par <a href=\"http:\/\/corse-vacances.ch\/de\/\">Corse Vacances<\/a> lors de la consultation du Site.<\/p><p><strong><br \/>1.\u00a0\u00a0 Notion de donn\u00e9es \u00e0 caract\u00e8re personnel<\/strong><br \/>Les donn\u00e9es \u00e0 caract\u00e8re personnel sont toutes les informations qui se rapportent \u00e0 la personne, telles que le nom, le pr\u00e9nom, l&rsquo;adresse postale, l&rsquo;adresse e-mail, le num\u00e9ro de t\u00e9l\u00e9phone ou le comportement en ligne de l&rsquo;Utilisateur.<\/p><p><strong><br \/>2.\u00a0\u00a0 Collecte de donn\u00e9es personnelles<\/strong><br \/>De mani\u00e8re g\u00e9n\u00e9rale, le Site est utilisable sans fournir de donn\u00e9es personnelles telles que le nom, le pr\u00e9nom, l&rsquo;adresse postale, l&rsquo;adresse e-mail, le num\u00e9ro de t\u00e9l\u00e9phone. Toutefois, l&rsquo;Utilisateur devra indiquer ses donn\u00e9es personnelles s&rsquo;il souhaite prendre contact avec <a href=\"http:\/\/corse-vacances.ch\/de\/\">Corse Vacances<\/a> via le formulaire de contact ou directement par email.<\/p><p><strong><br \/>3.\u00a0\u00a0 Utilisation des donn\u00e9es personnelles<br \/><\/strong>En utilisant le Site et les Services en ligne qui y sont propos\u00e9s, l&rsquo;Utilisateur accepte explicitement que ses donn\u00e9es personnelles soient collect\u00e9es et utilis\u00e9es par <a href=\"http:\/\/corse-vacances.ch\/de\/\">Corse Vacances<\/a>. Les donn\u00e9es personnelles seront trait\u00e9es conform\u00e9ment \u00e0 la <a href=\"https:\/\/www.fedlex.admin.ch\/eli\/cc\/2022\/491\/fr\">Loi f\u00e9d\u00e9rale suisse sur la protection des donn\u00e9es (LPD)<\/a> du 1er septembre 2023, ainsi qu&rsquo;au <a href=\"https:\/\/eur-lex.europa.eu\/legal-content\/FR\/TXT\/HTML\/?uri=CELEX:32016R0679\">r\u00e8glement g\u00e9n\u00e9ral sur la protection des donn\u00e9es (RGPD)<\/a> adopt\u00e9 par l&rsquo;Union europ\u00e9enne. <a href=\"http:\/\/corse-vacances.ch\/de\/\">Corse Vacances<\/a> s&rsquo;engage \u00e0 respecter la confidentialit\u00e9 et la s\u00e9curit\u00e9 des donn\u00e9es personnelles de l&rsquo;Utilisateur.<\/p><p><strong><br \/>4.\u00a0\u00a0 Consentement et droits de l&rsquo;Utilisateur<\/strong><br \/>En fournissant ses donn\u00e9es personnelles, l&rsquo;Utilisateur donne son consentement \u00e0 leur collecte et \u00e0 leur utilisation par <a href=\"http:\/\/corse-vacances.ch\/de\/\">Corse Vacances<\/a> aux fins d\u00e9crites dans la pr\u00e9sente politique de confidentialit\u00e9. L&rsquo;Utilisateur dispose \u00e9galement de droits concernant ses donn\u00e9es personnelles, tels que le droit d&rsquo;acc\u00e8s, de rectification et de suppression. Pour exercer ces droits ou pour toute question relative \u00e0 la politique de confidentialit\u00e9, l&rsquo;Utilisateur peut contacter <a href=\"http:\/\/corse-vacances.ch\/de\/\">Corse Vacances<\/a> \u00e0 l&rsquo;adresse suivante : <a href=\"mailto:info@corse-vacances.ch\" target=\"_new\">info@corse-vacances.ch<\/a> ou par le biais du <a href=\"https:\/\/corse-vacances.ch\/de\/kontakt\/\">formulaire de contact<\/a>.<\/p><p><strong><br \/>5.\u00a0\u00a0 S\u00e9curit\u00e9 des donn\u00e9es<\/strong><br \/><a href=\"http:\/\/corse-vacances.ch\/de\/\">Corse Vacances<\/a> met en place des mesures de s\u00e9curit\u00e9 appropri\u00e9es pour prot\u00e9ger les donn\u00e9es personnelles de l&rsquo;Utilisateur contre tout acc\u00e8s non autoris\u00e9, toute divulgation, toute utilisation abusive ou toute alt\u00e9ration. Cependant, aucun syst\u00e8me de transmission de donn\u00e9es sur Internet ou de stockage \u00e9lectronique n&rsquo;est enti\u00e8rement s\u00e9curis\u00e9, et <a href=\"http:\/\/corse-vacances.ch\/de\/\">Corse Vacances<\/a> ne peut garantir la s\u00e9curit\u00e9 absolue des donn\u00e9es.<\/p><p><strong><br \/>6.\u00a0\u00a0 Partage d&rsquo;informations<\/strong><br \/><a href=\"http:\/\/corse-vacances.ch\/de\/\">Corse Vacances<\/a> ne partage les informations personnelles de l&rsquo;Utilisateur qu&rsquo;avec des tiers dans les cas suivants :<\/p><ul><li>Lorsque cela est n\u00e9cessaire pour fournir les services demand\u00e9s ;<\/li><li>Lorsque cela est requis par la loi ou dans le cadre d&rsquo;une proc\u00e9dure l\u00e9gale ;<\/li><li>Lorsque cela est n\u00e9cessaire pour prot\u00e9ger les droits, la s\u00e9curit\u00e9 ou la propri\u00e9t\u00e9 de <a href=\"http:\/\/corse-vacances.ch\/de\/\">Corse Vacances<\/a>, des Utilisateurs ou du public.<\/li><li><a href=\"http:\/\/corse-vacances.ch\/de\/\">Corse Vacances<\/a> peut \u00e9galement partager des informations agr\u00e9g\u00e9es ou anonymis\u00e9es qui ne permettent pas d&rsquo;identifier personnellement l&rsquo;Utilisateur.<\/li><\/ul><p><strong><br \/>7.\u00a0\u00a0 Utilisation des donn\u00e9es \u00e0 des fins marketing<br \/><\/strong>A moins que l&rsquo;Utilisateur n&rsquo;ait express\u00e9ment consenti \u00e0 recevoir des communications marketing de la part de <a href=\"http:\/\/corse-vacances.ch\/de\/\">Corse Vacances<\/a>, les donn\u00e9es personnelles telles que le nom, le pr\u00e9nom, l&rsquo;adresse postale, l&rsquo;adresse e-mail, le num\u00e9ro de t\u00e9l\u00e9phone de l&rsquo;Utilisateur ne seront pas utilis\u00e9es \u00e0 des fins de marketing.<\/p><p><strong><br \/>8.\u00a0\u00a0 Politique relative aux cookies<\/strong><\/p><p><style>\n    a.cky-banner-element {<br \/>        padding: 8px 30px;<br \/>        background: #F8F9FA;<br \/>        color: #858A8F;<br \/>        border: 1px solid #DEE2E6;<br \/>        box-sizing: border-box;<br \/>        border-radius: 2px;<br \/>        cursor: pointer;<br \/>    }<br \/><\/style><\/p><p>Qu&rsquo;est-ce que les cookies ?<br \/>Cette Politique relative aux cookies explique ce que sont les cookies et comment <a href=\"http:\/\/corse-vacances.ch\/de\/\">Corse Vacances<\/a> les utilise, les types de cookies que <a href=\"http:\/\/corse-vacances.ch\/de\/\">Corse Vacances<\/a> utilise, c&rsquo;est-\u00e0-dire les informations que <a href=\"http:\/\/corse-vacances.ch\/de\/\">Corse Vacances<\/a> recueille \u00e0 l&rsquo;aide de cookies et comment ces informations sont utilis\u00e9es, ainsi que la mani\u00e8re de g\u00e9rer les param\u00e8tres des cookies. Les cookies sont de petits fichiers texte utilis\u00e9s pour stocker de petites informations. Ils sont enregistr\u00e9s sur l&rsquo;appareil de l&rsquo;Utilisateur lorsque le Site est charg\u00e9 sur son navigateur. Ces cookies aident <a href=\"http:\/\/corse-vacances.ch\/de\/\">Corse Vacances<\/a> \u00e0 faire fonctionner le Site correctement, \u00e0 le rendre plus s\u00fbr, \u00e0 offrir une meilleure exp\u00e9rience utilisateur, \u00e0 comprendre comment le Site fonctionne et \u00e0 analyser ce qui fonctionne et ce qui doit \u00eatre am\u00e9lior\u00e9.<\/p><p>Comment <a href=\"http:\/\/corse-vacances.ch\/de\/\">Corse Vacances<\/a> utilise les cookies ?<br \/>Comme la plupart des services en ligne, le Site utilise des cookies internes et des cookies tiers \u00e0 plusieurs fins. Les cookies internes sont principalement n\u00e9cessaires pour que le Site fonctionne correctement et ils ne recueillent aucune\u00a0 donn\u00e9es personnelles identifiables.<\/p><div class=\"cookie-policy-p\"><p>Les cookies tiers utilis\u00e9s sur le Site servent principalement \u00e0 comprendre comment le Site fonctionne, comment l&rsquo;Utilisateur interagie avec le Site, \u00e0 garantir la s\u00e9curit\u00e9 des services de <a href=\"http:\/\/corse-vacances.ch\/de\/\">Corse Vacances<\/a>, \u00e0 diffuser des publicit\u00e9s pertinentes pour l&rsquo;Utilisateur et, dans l&rsquo;ensemble, \u00e0 offrir \u00e0 l\u2019Utilisateur une exp\u00e9rience utilisateur meilleure et am\u00e9lior\u00e9e, et \u00e0 acc\u00e9l\u00e9rer ses interactions futures avec le Site.<\/p><\/div><p>\u00a0<\/p><div class=\"cky-audit-table-element\">\u00a0<\/div><p style=\"margin-bottom: 20px;\">G\u00e9rer les pr\u00e9f\u00e9rences en mati\u00e8re de cookies<br \/>L&rsquo;utilisateur peut modifier ses pr\u00e9f\u00e9rences en mati\u00e8re de cookies \u00e0 tout moment en cliquant sur le texte ci-dessous.<br \/><a class=\"cky-banner-element\">Param\u00e8tres des cookies<\/a><\/p><p>Cela permettra \u00e0 l&rsquo;Utilisateur de revoir la banni\u00e8re de consentement aux cookies et de modifier ses pr\u00e9f\u00e9rences ou de retirer votre consentement imm\u00e9diatement.<\/p><div><p>De plus, diff\u00e9rents navigateurs offrent diff\u00e9rentes m\u00e9thodes pour bloquer et supprimer les cookies utilis\u00e9s par les sites Web. L&rsquo;utilisateur peut modifier les param\u00e8tres de son navigateur pour bloquer\/supprimer les cookies. L&rsquo;Utilisateur trouveras ci-dessous les liens vers les documents d&rsquo;assistance expliquant comment g\u00e9rer et supprimer les cookies des principaux navigateurs Web.<\/p><ul><li>Chrome : <a href=\"https:\/\/support.google.com\/accounts\/answer\/32050\" target=\"_blank\" rel=\"noopener\">https:\/\/support.google.com\/accounts\/answer\/32050<\/a><\/li><li>Safari : <a href=\"https:\/\/support.apple.com\/fr-fr\/guide\/safari\/sfri11471\/mac\" target=\"_blank\" rel=\"noopener\">https:\/\/support.apple.com\/fr-fr\/guide\/safari\/sfri11471\/mac<\/a><\/li><li>Firefox : <a href=\"https:\/\/support.mozilla.org\/fr\/kb\/supprimer-les-cookies-pour-supprimer-les-information\" target=\"_blank\" rel=\"noopener\">https:\/\/support.mozilla.org\/fr\/kb\/supprimer-les-cookies-pour-supprimer-les-information<\/a><\/li><li>Internet Explorer : <a href=\"https:\/\/support.microsoft.com\/fr-fr\/topic\/comment-supprimer-les-fichiers-cookie-dans-internet-explorer-bca9446f-d873-78de-77ba-d42645fa52fc\" target=\"_blank\" rel=\"noopener\">https:\/\/support.microsoft.com\/fr-fr\/topic\/comment-supprimer-les-fichiers-cookie-dans-internet-explorer-bca9446f-d873-78de-77ba-d42645fa52fc<\/a><\/li><\/ul><p>Si l&rsquo;Utilisateur utilise un autre navigateur Web, il doit alors consulter les documents d&rsquo;assistance officiels de son navigateur.<br \/><br \/><\/p><\/div><p><strong>9.\u00a0\u00a0 Modifications de la politique de confidentialit\u00e9<\/strong><br \/><a href=\"http:\/\/corse-vacances.ch\/de\/\">Corse Vacances<\/a> se r\u00e9serve le droit de modifier cette politique de confidentialit\u00e9 \u00e0 tout moment. Les modifications seront publi\u00e9es sur le Site et entreront en vigueur d\u00e8s leur publication. Il est recommand\u00e9 \u00e0 l&rsquo;Utilisateur de consulter r\u00e9guli\u00e8rement la politique de confidentialit\u00e9 pour se tenir inform\u00e9 des \u00e9ventuelles mises \u00e0 jour.<\/p><p>Si vous avez des questions ou des pr\u00e9occupations concernant la politique de confidentialit\u00e9, veuillez nous contacter \u00e0 l&rsquo;adresse suivante : <a href=\"mailto:info@corse-vacances.ch\" target=\"_new\">info@corse-vacances.ch<\/a> ou par le biais du <a href=\"https:\/\/corse-vacances.ch\/de\/kontakt\/\">formulaire de contact<\/a>.<\/p><p>\u00a0<\/p><p><strong>Date d\u2019\u00e9mission :<\/strong> 06.08.2023<\/p>\t\t\t\t\t\t<\/div>\n\t\t\t\t<\/div>\n\t\t\t\t\t<\/div>\n\t\t<\/div>\n\t\t\t\t\t<\/div>\n\t\t<\/section>\n\t\t\t\t<\/div>","protected":false},"excerpt":{"rendered":"<p>Politique de Confidentialit\u00e9 Comprendre la Politique de Condifentialit\u00e9 de Corse Vacances Corse Vacances attache une grande importance \u00e0 la protection des donn\u00e9es personnelles de ses Utilisateurs. Cette politique de confidentialit\u00e9 d\u00e9crit comment Corse Vacances collecte, utilise, traite et prot\u00e8ge les &hellip; <a href=\"https:\/\/corse-vacances.ch\/de\/datenschutzrichtlinien\/\">Read More<\/a><\/p>","protected":false},"author":1,"featured_media":0,"parent":0,"menu_order":9,"comment_status":"closed","ping_status":"closed","template":"","meta":{"om_disable_all_campaigns":false,"_monsterinsights_skip_tracking":false,"_monsterinsights_sitenote_active":false,"_monsterinsights_sitenote_note":"","_monsterinsights_sitenote_category":0,"_uf_show_specific_survey":0,"_uf_disable_surveys":false,"footnotes":""},"class_list":["post-1615","page","type-page","status-publish","hentry"],"yoast_head":"<!-- This site is optimized with the Yoast SEO plugin v22.1 - https:\/\/yoast.com\/wordpress\/plugins\/seo\/ -->\n<title>Consulter la Politique de Confidentialit\u00e9 - Corse Vacances<\/title>\n<meta name=\"description\" content=\"Consultez la Politique de Confidentialit\u00e9 de Corse Vacances pour prot\u00e9ger vos donn\u00e9es personnelles et assurer une exp\u00e9rience s\u00e9curis\u00e9e\" \/>\n<meta name=\"robots\" content=\"index, follow, max-snippet:-1, max-image-preview:large, max-video-preview:-1\" \/>\n<link rel=\"canonical\" href=\"https:\/\/corse-vacances.ch\/de\/privacy-policy-2-2\/\" \/>\n<meta property=\"og:locale\" content=\"de_DE\" \/>\n<meta property=\"og:type\" content=\"article\" \/>\n<meta property=\"og:title\" content=\"Consulter la Politique de Confidentialit\u00e9 - Corse Vacances\" \/>\n<meta property=\"og:description\" content=\"Consultez la Politique de Confidentialit\u00e9 de Corse Vacances pour prot\u00e9ger vos donn\u00e9es personnelles et assurer une exp\u00e9rience s\u00e9curis\u00e9e\" \/>\n<meta property=\"og:url\" content=\"https:\/\/corse-vacances.ch\/de\/privacy-policy-2-2\/\" \/>\n<meta property=\"og:site_name\" content=\"Corse Vacances\" \/>\n<meta property=\"article:publisher\" content=\"https:\/\/www.facebook.com\/CorsicaVillaMartine\" \/>\n<meta property=\"article:modified_time\" content=\"2024-02-03T16:14:29+00:00\" \/>\n<meta property=\"og:image\" content=\"https:\/\/corse-vacances.ch\/wp-content\/uploads\/2019\/06\/Coordination-de-la-vide\u0301o-Format.jpg\" \/>\n\t<meta property=\"og:image:width\" content=\"1240\" \/>\n\t<meta property=\"og:image:height\" content=\"698\" \/>\n\t<meta property=\"og:image:type\" content=\"image\/jpeg\" \/>\n<meta name=\"twitter:card\" content=\"summary_large_image\" \/>\n<meta name=\"twitter:label1\" content=\"Gesch\u00e4tzte Lesezeit\" \/>\n\t<meta name=\"twitter:data1\" content=\"6\u00a0Minuten\" \/>\n<script type=\"application\/ld+json\" class=\"yoast-schema-graph\">{\"@context\":\"https:\/\/schema.org\",\"@graph\":[{\"@type\":\"WebPage\",\"@id\":\"https:\/\/corse-vacances.ch\/en\/privacy-policy-2-2\/\",\"url\":\"https:\/\/corse-vacances.ch\/en\/privacy-policy-2-2\/\",\"name\":\"Consulter la Politique de Confidentialit\u00e9 - Corse Vacances\",\"isPartOf\":{\"@id\":\"https:\/\/corse-vacances.ch\/de\/#website\"},\"datePublished\":\"2023-08-06T15:05:39+00:00\",\"dateModified\":\"2024-02-03T16:14:29+00:00\",\"description\":\"Consultez la Politique de Confidentialit\u00e9 de Corse Vacances pour prot\u00e9ger vos donn\u00e9es personnelles et assurer une exp\u00e9rience s\u00e9curis\u00e9e\",\"breadcrumb\":{\"@id\":\"https:\/\/corse-vacances.ch\/en\/privacy-policy-2-2\/#breadcrumb\"},\"inLanguage\":\"de\",\"potentialAction\":[{\"@type\":\"ReadAction\",\"target\":[\"https:\/\/corse-vacances.ch\/en\/privacy-policy-2-2\/\"]}]},{\"@type\":\"BreadcrumbList\",\"@id\":\"https:\/\/corse-vacances.ch\/en\/privacy-policy-2-2\/#breadcrumb\",\"itemListElement\":[{\"@type\":\"ListItem\",\"position\":1,\"name\":\"Accueil\",\"item\":\"https:\/\/corse-vacances.ch\/de\/\"},{\"@type\":\"ListItem\",\"position\":2,\"name\":\"Politique de Confidentialit\u00e9\"}]},{\"@type\":\"WebSite\",\"@id\":\"https:\/\/corse-vacances.ch\/de\/#website\",\"url\":\"https:\/\/corse-vacances.ch\/de\/\",\"name\":\"Corse Vacances\",\"description\":\"La magie de la Corse vous attend : profitez de notre villa en bord de mer !\",\"publisher\":{\"@id\":\"https:\/\/corse-vacances.ch\/de\/#organization\"},\"potentialAction\":[{\"@type\":\"SearchAction\",\"target\":{\"@type\":\"EntryPoint\",\"urlTemplate\":\"https:\/\/corse-vacances.ch\/de\/?s={search_term_string}\"},\"query-input\":\"required name=search_term_string\"}],\"inLanguage\":\"de\"},{\"@type\":\"Organization\",\"@id\":\"https:\/\/corse-vacances.ch\/de\/#organization\",\"name\":\"Corse Vacances\",\"url\":\"https:\/\/corse-vacances.ch\/de\/\",\"logo\":{\"@type\":\"ImageObject\",\"inLanguage\":\"de\",\"@id\":\"https:\/\/corse-vacances.ch\/de\/#\/schema\/logo\/image\/\",\"url\":\"http:\/\/corse-vacances.ch\/wp-content\/uploads\/2019\/05\/Fichier-27-e1558691165723.png\",\"contentUrl\":\"http:\/\/corse-vacances.ch\/wp-content\/uploads\/2019\/05\/Fichier-27-e1558691165723.png\",\"width\":299,\"height\":40,\"caption\":\"Corse Vacances\"},\"image\":{\"@id\":\"https:\/\/corse-vacances.ch\/de\/#\/schema\/logo\/image\/\"},\"sameAs\":[\"https:\/\/www.facebook.com\/CorsicaVillaMartine\",\"https:\/\/www.instagram.com\/corse_vacances\/\"]}]}<\/script>\n<!-- \/ Yoast SEO plugin. -->","yoast_head_json":{"title":"Consulter la Politique de Confidentialit\u00e9 - Corse Vacances","description":"Consultez la Politique de Confidentialit\u00e9 de Corse Vacances pour prot\u00e9ger vos donn\u00e9es personnelles et assurer une exp\u00e9rience s\u00e9curis\u00e9e","robots":{"index":"index","follow":"follow","max-snippet":"max-snippet:-1","max-image-preview":"max-image-preview:large","max-video-preview":"max-video-preview:-1"},"canonical":"https:\/\/corse-vacances.ch\/de\/privacy-policy-2-2\/","og_locale":"de_DE","og_type":"article","og_title":"Consulter la Politique de Confidentialit\u00e9 - Corse Vacances","og_description":"Consultez la Politique de Confidentialit\u00e9 de Corse Vacances pour prot\u00e9ger vos donn\u00e9es personnelles et assurer une exp\u00e9rience s\u00e9curis\u00e9e","og_url":"https:\/\/corse-vacances.ch\/de\/privacy-policy-2-2\/","og_site_name":"Corse Vacances","article_publisher":"https:\/\/www.facebook.com\/CorsicaVillaMartine","article_modified_time":"2024-02-03T16:14:29+00:00","og_image":[{"width":1240,"height":698,"url":"https:\/\/corse-vacances.ch\/wp-content\/uploads\/2019\/06\/Coordination-de-la-vide\u0301o-Format.jpg","type":"image\/jpeg"}],"twitter_card":"summary_large_image","twitter_misc":{"Gesch\u00e4tzte Lesezeit":"6\u00a0Minuten"},"schema":{"@context":"https:\/\/schema.org","@graph":[{"@type":"WebPage","@id":"https:\/\/corse-vacances.ch\/en\/privacy-policy-2-2\/","url":"https:\/\/corse-vacances.ch\/en\/privacy-policy-2-2\/","name":"Consulter la Politique de Confidentialit\u00e9 - Corse Vacances","isPartOf":{"@id":"https:\/\/corse-vacances.ch\/de\/#website"},"datePublished":"2023-08-06T15:05:39+00:00","dateModified":"2024-02-03T16:14:29+00:00","description":"Consultez la Politique de Confidentialit\u00e9 de Corse Vacances pour prot\u00e9ger vos donn\u00e9es personnelles et assurer une exp\u00e9rience s\u00e9curis\u00e9e","breadcrumb":{"@id":"https:\/\/corse-vacances.ch\/en\/privacy-policy-2-2\/#breadcrumb"},"inLanguage":"de","potentialAction":[{"@type":"ReadAction","target":["https:\/\/corse-vacances.ch\/en\/privacy-policy-2-2\/"]}]},{"@type":"BreadcrumbList","@id":"https:\/\/corse-vacances.ch\/en\/privacy-policy-2-2\/#breadcrumb","itemListElement":[{"@type":"ListItem","position":1,"name":"Accueil","item":"https:\/\/corse-vacances.ch\/de\/"},{"@type":"ListItem","position":2,"name":"Politique de Confidentialit\u00e9"}]},{"@type":"WebSite","@id":"https:\/\/corse-vacances.ch\/de\/#website","url":"https:\/\/corse-vacances.ch\/de\/","name":"Corse Vacances","description":"La magie de la Corse vous attend : profitez de notre villa en bord de mer !","publisher":{"@id":"https:\/\/corse-vacances.ch\/de\/#organization"},"potentialAction":[{"@type":"SearchAction","target":{"@type":"EntryPoint","urlTemplate":"https:\/\/corse-vacances.ch\/de\/?s={search_term_string}"},"query-input":"required name=search_term_string"}],"inLanguage":"de"},{"@type":"Organization","@id":"https:\/\/corse-vacances.ch\/de\/#organization","name":"Corse Vacances","url":"https:\/\/corse-vacances.ch\/de\/","logo":{"@type":"ImageObject","inLanguage":"de","@id":"https:\/\/corse-vacances.ch\/de\/#\/schema\/logo\/image\/","url":"http:\/\/corse-vacances.ch\/wp-content\/uploads\/2019\/05\/Fichier-27-e1558691165723.png","contentUrl":"http:\/\/corse-vacances.ch\/wp-content\/uploads\/2019\/05\/Fichier-27-e1558691165723.png","width":299,"height":40,"caption":"Corse Vacances"},"image":{"@id":"https:\/\/corse-vacances.ch\/de\/#\/schema\/logo\/image\/"},"sameAs":["https:\/\/www.facebook.com\/CorsicaVillaMartine","https:\/\/www.instagram.com\/corse_vacances\/"]}]}},"_links":{"self":[{"href":"https:\/\/corse-vacances.ch\/de\/wp-json\/wp\/v2\/pages\/1615","targetHints":{"allow":["GET"]}}],"collection":[{"href":"https:\/\/corse-vacances.ch\/de\/wp-json\/wp\/v2\/pages"}],"about":[{"href":"https:\/\/corse-vacances.ch\/de\/wp-json\/wp\/v2\/types\/page"}],"author":[{"embeddable":true,"href":"https:\/\/corse-vacances.ch\/de\/wp-json\/wp\/v2\/users\/1"}],"replies":[{"embeddable":true,"href":"https:\/\/corse-vacances.ch\/de\/wp-json\/wp\/v2\/comments?post=1615"}],"version-history":[{"count":10,"href":"https:\/\/corse-vacances.ch\/de\/wp-json\/wp\/v2\/pages\/1615\/revisions"}],"predecessor-version":[{"id":1681,"href":"https:\/\/corse-vacances.ch\/de\/wp-json\/wp\/v2\/pages\/1615\/revisions\/1681"}],"wp:attachment":[{"href":"https:\/\/corse-vacances.ch\/de\/wp-json\/wp\/v2\/media?parent=1615"}],"curies":[{"name":"wp","href":"https:\/\/api.w.org\/{rel}","templated":true}]}}